{"id":794,"date":"2016-06-02T17:21:05","date_gmt":"2016-06-02T17:21:05","guid":{"rendered":"http:\/\/qt.dev\/dev\/thecleaner\/?page_id=794"},"modified":"2020-08-23T06:56:44","modified_gmt":"2020-08-23T06:56:44","slug":"services","status":"publish","type":"page","link":"https:\/\/www.crownfacility.ch\/de\/services\/","title":{"rendered":"Services"},"content":{"rendered":"<section class=\"wpb-content-wrapper\"><div class=\"vc_row wpb_row vc_row-fluid vc_custom_1542376685394\"><div class=\"wpb_column vc_column_container vc_col-sm-4\"><div class=\"vc_column-inner\"><div class=\"wpb_wrapper\">\n<div class=\"page-box\">\n\t\t\t<div class=\"page-image\">\n\t\t\t<a href=\"https:\/\/www.crownfacility.ch\/de\/officecleaning\/\">\n\t\t\t\t\t\t\t\t\t\t<img loading=\"lazy\" decoding=\"async\" width=\"850\" height=\"425\" src=\"https:\/\/www.crownfacility.ch\/wp-content\/uploads\/2021\/08\/DSC08572-850x425.jpg\" class=\"attachment-the-kleaner-qt-featured size-the-kleaner-qt-featured\" alt=\"Crown Facility GmbH - Cleaning Company in Basel \/ Zurich\" srcset=\"https:\/\/www.crownfacility.ch\/wp-content\/uploads\/2021\/08\/DSC08572-850x425.jpg 850w, https:\/\/www.crownfacility.ch\/wp-content\/uploads\/2021\/08\/DSC08572-360x180.jpg 360w\" sizes=\"(min-width: 992px) 360px, calc(100vw - 30px)\" \/>\t\t\t\t\t\t\t\t\t\t\t\t\t\t\t\t\t\t<\/a>\n\t\t\t\t\t<\/div>\n\t\t<div class=\"page-content\">\n\t\t\t\t\t<h4 class=\"page-title\">\n\t\t\t\t<a href=\"https:\/\/www.crownfacility.ch\/de\/officecleaning\/\">B\u00fcroreinigung<\/a>\n\t\t\t<\/h4>\n\t\t\t\t\t\t\t<p>Crown Facility bietet einen hohen Standard in der Reinigungsbranche, angepasst an Ihre Bed\u00fcrfnisse.<\/p>\n\t\t\t\t\t<\/div>\n<\/div><\/div><\/div><\/div><div class=\"wpb_column vc_column_container vc_col-sm-4\"><div class=\"vc_column-inner\"><div class=\"wpb_wrapper\">\n<div class=\"page-box\">\n\t\t\t<div class=\"page-image\">\n\t\t\t<a href=\"https:\/\/www.crownfacility.ch\/de\/services\/daycares-schools-cleaning\/\">\n\t\t\t\t\t\t\t\t\t\t<img loading=\"lazy\" decoding=\"async\" width=\"850\" height=\"425\" src=\"https:\/\/www.crownfacility.ch\/wp-content\/uploads\/2019\/08\/188A0541-850x425.jpg\" class=\"attachment-the-kleaner-qt-featured size-the-kleaner-qt-featured\" alt=\"Crown Facility - Daycare Cleaning\" srcset=\"https:\/\/www.crownfacility.ch\/wp-content\/uploads\/2019\/08\/188A0541-850x425.jpg 850w, https:\/\/www.crownfacility.ch\/wp-content\/uploads\/2019\/08\/188A0541-360x180.jpg 360w\" sizes=\"(min-width: 992px) 360px, calc(100vw - 30px)\" \/>\t\t\t\t\t\t\t\t\t\t\t\t\t\t\t\t\t\t<\/a>\n\t\t\t\t\t<\/div>\n\t\t<div class=\"page-content\">\n\t\t\t\t\t<h4 class=\"page-title\">\n\t\t\t\t<a href=\"https:\/\/www.crownfacility.ch\/de\/services\/daycares-schools-cleaning\/\">Kitas &amp; Schulen<\/a>\n\t\t\t<\/h4>\n\t\t\t\t\t\t\t<p>An stark belebten Standorten wie Kitas und Schulen liefert die Crown Facility GmbH die perfekte Unterst\u00fctzung ...<\/p>\n\t\t\t\t\t<\/div>\n<\/div><\/div><\/div><\/div><div class=\"wpb_column vc_column_container vc_col-sm-4\"><div class=\"vc_column-inner\"><div class=\"wpb_wrapper\">\n<div class=\"page-box boxed-layout\">\n\t\t\t<div class=\"page-image\">\n\t\t\t<a href=\"https:\/\/www.crownfacility.ch\/de\/services\/best-private-cleaning-services\/\">\n\t\t\t\t\t\t\t\t\t\t<img loading=\"lazy\" decoding=\"async\" width=\"850\" height=\"425\" src=\"https:\/\/www.crownfacility.ch\/wp-content\/uploads\/2019\/08\/188A0381-850x425.jpg\" class=\"attachment-the-kleaner-qt-featured size-the-kleaner-qt-featured\" alt=\"Cleaning Services\" srcset=\"https:\/\/www.crownfacility.ch\/wp-content\/uploads\/2019\/08\/188A0381-850x425.jpg 850w, https:\/\/www.crownfacility.ch\/wp-content\/uploads\/2019\/08\/188A0381-360x180.jpg 360w\" sizes=\"(min-width: 992px) 360px, calc(100vw - 30px)\" \/>\t\t\t\t\t\t\t\t\t\t\t\t\t\t\t\t\t\t<\/a>\n\t\t\t\t\t<\/div>\n\t\t<div class=\"page-content\">\n\t\t\t\t\t<h4 class=\"page-title\">\n\t\t\t\t<a href=\"https:\/\/www.crownfacility.ch\/de\/services\/best-private-cleaning-services\/\">Haushaltsreinigung<\/a>\n\t\t\t<\/h4>\n\t\t\t\t\t\t\t<p>Private Haushaltsreinigung mit ausgebildeten Fachkr\u00e4ften in regelm\u00e4ssigen Abst\u00e4nden.<\/p>\n\t\t\t\t\t\t\t<a href=\"https:\/\/www.crownfacility.ch\/de\/services\/best-private-cleaning-services\/\" class=\"page-link\">weiterlesen<\/a>\n\t\t\t<\/div>\n<\/div><\/div><\/div><\/div><\/div>\n<\/section>","protected":false},"excerpt":{"rendered":"Office Cleaning Crown Facility provides high end standards within the cleaning industry, adjustable to your needs. Daycares &amp; Schools High traffic places like daycares &amp; schools, Crown Facility GmbH deliver the perfect assistance. Private Cleaning Services Do you need professional cleaning services for your home in Basel Stadt, Basel Land or&hellip; Read More","protected":false},"author":1,"featured_media":0,"parent":0,"menu_order":0,"comment_status":"closed","ping_status":"closed","template":"","meta":{"ngg_post_thumbnail":0,"footnotes":""},"acf":[],"_links":{"self":[{"href":"https:\/\/www.crownfacility.ch\/de\/wp-json\/wp\/v2\/pages\/794"}],"collection":[{"href":"https:\/\/www.crownfacility.ch\/de\/wp-json\/wp\/v2\/pages"}],"about":[{"href":"https:\/\/www.crownfacility.ch\/de\/wp-json\/wp\/v2\/types\/page"}],"author":[{"embeddable":true,"href":"https:\/\/www.crownfacility.ch\/de\/wp-json\/wp\/v2\/users\/1"}],"replies":[{"embeddable":true,"href":"https:\/\/www.crownfacility.ch\/de\/wp-json\/wp\/v2\/comments?post=794"}],"version-history":[{"count":10,"href":"https:\/\/www.crownfacility.ch\/de\/wp-json\/wp\/v2\/pages\/794\/revisions"}],"predecessor-version":[{"id":13855,"href":"https:\/\/www.crownfacility.ch\/de\/wp-json\/wp\/v2\/pages\/794\/revisions\/13855"}],"wp:attachment":[{"href":"https:\/\/www.crownfacility.ch\/de\/wp-json\/wp\/v2\/media?parent=794"}],"curies":[{"name":"wp","href":"https:\/\/api.w.org\/{rel}","templated":true}]}}